{"id":89,"date":"2015-01-29T20:48:44","date_gmt":"2015-01-29T20:48:44","guid":{"rendered":"http:\/\/www.remainder.de\/Feuerwehr\/?page_id=89"},"modified":"2015-01-30T21:36:30","modified_gmt":"2015-01-30T21:36:30","slug":"impressum","status":"publish","type":"page","link":"http:\/\/www.remainder.de\/Feuerwehr\/impressum\/","title":{"rendered":"Impressum"},"content":{"rendered":"<h3 class=\"imAlign_center\" style=\"text-align: center;\"><strong><span class=\"ff2 fc0 fs12 \">F\u00fcr den Inhalt dieser Seite ist die<\/span><span class=\"ff1 fc0 fs10 \"><br \/>\n<\/span><span class=\"ff2 fc0 fs14 fb \">Freiwillige Feuerwehr Bockenfeld<\/span><span class=\"ff1 fc0 fs10 \"><br \/>\n<\/span><span class=\"ff2 fc0 fs12 \">verantwortlich.<\/span><\/strong><span class=\"ff1 fc0 fs10 \"><br \/>\n<\/span><\/h3>\n<p class=\"imAlign_left\"><span class=\"ff1 fc0 fs10 \"><br \/>\n<\/span><span class=\"ff2 fc0 fs10 \">Inhaltlich Verantwortlicher gem\u00e4\u00df \u00a7 6 MDStV:<\/span><span class=\"ff1 fc0 fs10 \"><br \/>\n<\/span><span class=\"ff2 fc0 fs10 \">Stefan Walther<\/span><span class=\"ff1 fc0 fs10 \"><br \/>\n<\/span><span class=\"ff2 fc0 fs10 \">Bockenfeld 32<\/span><span class=\"ff1 fc0 fs10 \"><br \/>\n<\/span><span class=\"ff2 fc0 fs10 \">91607 Gebsattel<\/span><span class=\"ff1 fc0 fs10 \"><br \/>\n<\/span><span class=\"ff2 fc0 fs10 \">email: stefan.walther@email.de<\/span><\/p>\n<p><span class=\"ff2 fc0 fs10 \">Haftungshinweis:<\/span><span class=\"ff1 fc0 fs10 \"><br \/>\n<\/span><span class=\"ff2 fc0 fs10 \">Trotz sorgf\u00e4ltiger inhaltlicher Kontrolle \u00fcbernehmen wir keine Haftung f\u00fcr die Inhalte externer Links. Hierf\u00fcr sind ausschlie\u00dflich deren Betreiber verantwortlich.<\/span><span class=\"ff1 fc0 fs10 \"><br \/>\n<\/span><span class=\"ff2 fc0 fs10 \">Auch f\u00fcr Sch\u00e4den und Nachteile, die sich aus der Nutzung der Site, insbesondere aus Informationen, Daten und sonstigen Angaben ergeben, wird keinerlei Haftung \u00fcbernommen. Alle Angaben erfolgen ohne Gew\u00e4hr.<\/span><\/p>\n<p><span class=\"ff2 fc0 fs10 \">Das Layout der gesamten Web-Site inklusive aller Grafiken und Bilder sowie die Textbeitr\u00e4ge d\u00fcrfen nur f\u00fcr private Zwecke verwendet werden.<\/span><\/p>\n","protected":false},"excerpt":{"rendered":"<p>F\u00fcr den Inhalt dieser Seite ist die Freiwillige Feuerwehr Bockenfeld verantwortlich. Inhaltlich Verantwortlicher gem\u00e4\u00df \u00a7 6 MDStV: Stefan Walther Bockenfeld 32 91607 Gebsattel email: stefan.walther@email.de Haftungshinweis: Trotz sorgf\u00e4ltiger inhaltlicher Kontrolle \u00fcbernehmen wir keine Haftung f\u00fcr die Inhalte externer Links. Hierf\u00fcr sind ausschlie\u00dflich deren Betreiber verantwortlich. Auch f\u00fcr Sch\u00e4den und Nachteile, die sich aus der Nutzung [&hellip;]<\/p>\n","protected":false},"author":1,"featured_media":0,"parent":0,"menu_order":0,"comment_status":"closed","ping_status":"closed","template":"","meta":{"footnotes":""},"class_list":["post-89","page","type-page","status-publish","hentry","post"],"_links":{"self":[{"href":"http:\/\/www.remainder.de\/Feuerwehr\/wp-json\/wp\/v2\/pages\/89","targetHints":{"allow":["GET"]}}],"collection":[{"href":"http:\/\/www.remainder.de\/Feuerwehr\/wp-json\/wp\/v2\/pages"}],"about":[{"href":"http:\/\/www.remainder.de\/Feuerwehr\/wp-json\/wp\/v2\/types\/page"}],"author":[{"embeddable":true,"href":"http:\/\/www.remainder.de\/Feuerwehr\/wp-json\/wp\/v2\/users\/1"}],"replies":[{"embeddable":true,"href":"http:\/\/www.remainder.de\/Feuerwehr\/wp-json\/wp\/v2\/comments?post=89"}],"version-history":[{"count":2,"href":"http:\/\/www.remainder.de\/Feuerwehr\/wp-json\/wp\/v2\/pages\/89\/revisions"}],"predecessor-version":[{"id":184,"href":"http:\/\/www.remainder.de\/Feuerwehr\/wp-json\/wp\/v2\/pages\/89\/revisions\/184"}],"wp:attachment":[{"href":"http:\/\/www.remainder.de\/Feuerwehr\/wp-json\/wp\/v2\/media?parent=89"}],"curies":[{"name":"wp","href":"https:\/\/api.w.org\/{rel}","templated":true}]}}