{"id":80,"date":"2015-01-29T20:47:44","date_gmt":"2015-01-29T20:47:44","guid":{"rendered":"http:\/\/www.remainder.de\/Feuerwehr\/?page_id=80"},"modified":"2015-04-02T19:18:52","modified_gmt":"2015-04-02T19:18:52","slug":"ueber-uns","status":"publish","type":"page","link":"http:\/\/www.remainder.de\/Feuerwehr\/ueber-uns\/","title":{"rendered":"\u00dcber uns"},"content":{"rendered":"<div id=\"pl-80\"  class=\"panel-layout\" ><div id=\"pg-80-0\"  class=\"panel-grid panel-no-style\" ><div id=\"pgc-80-0-0\"  class=\"panel-grid-cell\" ><div id=\"panel-80-0-0-0\" class=\"so-panel widget widget_headline-widget panel-first-child panel-last-child\" data-index=\"0\" >\t\t<h1>Alles \u00fcber die Freiwillige Feuerwehr Bockenfeld<\/h1>\n\t\t<div class=\"decoration\"><div class=\"decoration-inside\"><\/div><\/div>\n\t\t<h3>Hier findet Ihr alle Informationen \u00fcber unsere Feuerwehr. Einfach unten die entsprechende Kategorie anw\u00e4hlen. Viel Spa\u00df!<\/h3>\n\t\t<\/div><\/div><\/div><div id=\"pg-80-1\"  class=\"panel-grid panel-no-style\" ><div id=\"pgc-80-1-0\"  class=\"panel-grid-cell\" ><div id=\"panel-80-1-0-0\" class=\"so-panel widget widget_circleicon-widget panel-first-child panel-last-child\" data-index=\"1\" >\t\t<div class=\"circle-icon-box circle-icon-position-top circle-icon-hide-box circle-icon-size-small\">\n\t\t\t<div class=\"circle-icon-wrapper\">\n\t\t\t\t<a href=\"http:\/\/www.remainder.de\/Feuerwehr\/mannschaft\/\" class=\"link-icon\" >\t\t\t\t<div class=\"circle-icon\" >\n\t\t\t\t\t<div class=\"fa fa-users\" ><\/div>\t\t\t\t<\/div>\n\t\t\t\t<\/a>\t\t\t<\/div>\n\n\t\t\t<a href=\"http:\/\/www.remainder.de\/Feuerwehr\/mannschaft\/\" class=\"link-title\" >\t\t\t<h4 >Unsere Mannschaft<\/h4>\t\t\t<\/a>\n\t\t\t<p class=\"text\" >Alles rund um unsere Mannschaft<\/p>\t\t\t\t\t\t\t<a href=\"http:\/\/www.remainder.de\/Feuerwehr\/mannschaft\/\" class=\"more-button\" >Weitere Informationen <i><\/i><\/a>\n\t\t\t\t\t<\/div>\n\t\t<\/div><\/div><div id=\"pgc-80-1-1\"  class=\"panel-grid-cell\" ><div id=\"panel-80-1-1-0\" class=\"so-panel widget widget_circleicon-widget panel-first-child panel-last-child\" data-index=\"2\" >\t\t<div class=\"circle-icon-box circle-icon-position-top circle-icon-hide-box circle-icon-size-small\">\n\t\t\t<div class=\"circle-icon-wrapper\">\n\t\t\t\t<a href=\"http:\/\/www.remainder.de\/Feuerwehr\/fuehrungsteam\/\" class=\"link-icon\" >\t\t\t\t<div class=\"circle-icon\" >\n\t\t\t\t\t<div class=\"fa fa-star\" ><\/div>\t\t\t\t<\/div>\n\t\t\t\t<\/a>\t\t\t<\/div>\n\n\t\t\t<a href=\"http:\/\/www.remainder.de\/Feuerwehr\/fuehrungsteam\/\" class=\"link-title\" >\t\t\t<h4 >F\u00fchrungsteam<\/h4>\t\t\t<\/a>\n\t\t\t<p class=\"text\" >Alles \u00fcber unsere F\u00fchrung in der Feuerwehr<\/p>\t\t\t\t\t\t\t<a href=\"http:\/\/www.remainder.de\/Feuerwehr\/fuehrungsteam\/\" class=\"more-button\" >Weitere Informationen <i><\/i><\/a>\n\t\t\t\t\t<\/div>\n\t\t<\/div><\/div><div id=\"pgc-80-1-2\"  class=\"panel-grid-cell\" ><div id=\"panel-80-1-2-0\" class=\"so-panel widget widget_circleicon-widget panel-first-child panel-last-child\" data-index=\"3\" >\t\t<div class=\"circle-icon-box circle-icon-position-top circle-icon-hide-box circle-icon-size-small\">\n\t\t\t<div class=\"circle-icon-wrapper\">\n\t\t\t\t<a href=\"http:\/\/www.remainder.de\/Feuerwehr\/ausruestung\/\" class=\"link-icon\" >\t\t\t\t<div class=\"circle-icon\" >\n\t\t\t\t\t<div class=\"fa fa-truck\" ><\/div>\t\t\t\t<\/div>\n\t\t\t\t<\/a>\t\t\t<\/div>\n\n\t\t\t<a href=\"http:\/\/www.remainder.de\/Feuerwehr\/ausruestung\/\" class=\"link-title\" >\t\t\t<h4 >Ausr\u00fcstung<\/h4>\t\t\t<\/a>\n\t\t\t<p class=\"text\" >Alles \u00fcber unsere kleine, aber feine Ausr\u00fcstung<\/p>\t\t\t\t\t\t\t<a href=\"http:\/\/www.remainder.de\/Feuerwehr\/ausruestung\/\" class=\"more-button\" >Weitere Informationen <i><\/i><\/a>\n\t\t\t\t\t<\/div>\n\t\t<\/div><\/div><\/div><div id=\"pg-80-2\"  class=\"panel-grid panel-no-style\" ><div id=\"pgc-80-2-0\"  class=\"panel-grid-cell\" ><div id=\"panel-80-2-0-0\" class=\"so-panel widget widget_circleicon-widget panel-first-child panel-last-child\" data-index=\"4\" >\t\t<div class=\"circle-icon-box circle-icon-position-top circle-icon-hide-box circle-icon-size-small\">\n\t\t\t<div class=\"circle-icon-wrapper\">\n\t\t\t\t<a href=\"http:\/\/www.remainder.de\/Feuerwehr\/Jahresberichte\/\" class=\"link-icon\" >\t\t\t\t<div class=\"circle-icon\" >\n\t\t\t\t\t<div class=\"fa fa-file-text\" ><\/div>\t\t\t\t<\/div>\n\t\t\t\t<\/a>\t\t\t<\/div>\n\n\t\t\t<a href=\"http:\/\/www.remainder.de\/Feuerwehr\/Jahresberichte\/\" class=\"link-title\" >\t\t\t<h4 >Jahresberichte<\/h4>\t\t\t<\/a>\n\t\t\t<p class=\"text\" >Alles, was so \u00fcber das Jahr passiert ist...<\/p>\t\t\t\t\t\t\t<a href=\"http:\/\/www.remainder.de\/Feuerwehr\/Jahresberichte\/\" class=\"more-button\" >Weitere Informationen <i><\/i><\/a>\n\t\t\t\t\t<\/div>\n\t\t<\/div><\/div><div id=\"pgc-80-2-1\"  class=\"panel-grid-cell\" ><div id=\"panel-80-2-1-0\" class=\"so-panel widget widget_circleicon-widget panel-first-child panel-last-child\" data-index=\"5\" >\t\t<div class=\"circle-icon-box circle-icon-position-top circle-icon-hide-box circle-icon-size-small\">\n\t\t\t<div class=\"circle-icon-wrapper\">\n\t\t\t\t<a href=\"http:\/\/www.remainder.de\/Feuerwehr\/impressum\/\" class=\"link-icon\" >\t\t\t\t<div class=\"circle-icon\" >\n\t\t\t\t\t<div class=\"fa fa-copyright\" ><\/div>\t\t\t\t<\/div>\n\t\t\t\t<\/a>\t\t\t<\/div>\n\n\t\t\t<a href=\"http:\/\/www.remainder.de\/Feuerwehr\/impressum\/\" class=\"link-title\" >\t\t\t<h4 >Impressum<\/h4>\t\t\t<\/a>\n\t\t\t<p class=\"text\" >Was alles so rechtlich im Internet sein muss...<\/p>\t\t\t\t\t\t\t<a href=\"http:\/\/www.remainder.de\/Feuerwehr\/impressum\/\" class=\"more-button\" >Weitere Informationen <i><\/i><\/a>\n\t\t\t\t\t<\/div>\n\t\t<\/div><\/div><\/div><\/div>","protected":false},"excerpt":{"rendered":"<p>Alles \u00fcber die Freiwillige Feuerwehr Bockenfeld Hier findet Ihr alle Informationen \u00fcber unsere Feuerwehr. Einfach unten die entsprechende Kategorie anw\u00e4hlen. Viel Spa\u00df! Unsere Mannschaft Alles rund um unsere Mannschaft Weitere Informationen F\u00fchrungsteam Alles \u00fcber unsere F\u00fchrung in der Feuerwehr Weitere Informationen Ausr\u00fcstung Alles \u00fcber unsere kleine, aber feine Ausr\u00fcstung Weitere Informationen Jahresberichte Alles, was so [&hellip;]<\/p>\n","protected":false},"author":1,"featured_media":0,"parent":0,"menu_order":0,"comment_status":"closed","ping_status":"closed","template":"","meta":{"footnotes":""},"class_list":["post-80","page","type-page","status-publish","hentry","post"],"_links":{"self":[{"href":"http:\/\/www.remainder.de\/Feuerwehr\/wp-json\/wp\/v2\/pages\/80","targetHints":{"allow":["GET"]}}],"collection":[{"href":"http:\/\/www.remainder.de\/Feuerwehr\/wp-json\/wp\/v2\/pages"}],"about":[{"href":"http:\/\/www.remainder.de\/Feuerwehr\/wp-json\/wp\/v2\/types\/page"}],"author":[{"embeddable":true,"href":"http:\/\/www.remainder.de\/Feuerwehr\/wp-json\/wp\/v2\/users\/1"}],"replies":[{"embeddable":true,"href":"http:\/\/www.remainder.de\/Feuerwehr\/wp-json\/wp\/v2\/comments?post=80"}],"version-history":[{"count":8,"href":"http:\/\/www.remainder.de\/Feuerwehr\/wp-json\/wp\/v2\/pages\/80\/revisions"}],"predecessor-version":[{"id":401,"href":"http:\/\/www.remainder.de\/Feuerwehr\/wp-json\/wp\/v2\/pages\/80\/revisions\/401"}],"wp:attachment":[{"href":"http:\/\/www.remainder.de\/Feuerwehr\/wp-json\/wp\/v2\/media?parent=80"}],"curies":[{"name":"wp","href":"https:\/\/api.w.org\/{rel}","templated":true}]}}