{"id":69,"date":"2015-01-29T20:36:41","date_gmt":"2015-01-29T20:36:41","guid":{"rendered":"http:\/\/www.remainder.de\/Feuerwehr\/?page_id=69"},"modified":"2026-03-12T18:48:10","modified_gmt":"2026-03-12T18:48:10","slug":"uebungsplan","status":"publish","type":"page","link":"http:\/\/www.remainder.de\/Feuerwehr\/uebungsplan\/","title":{"rendered":"\u00dcbungsplan"},"content":{"rendered":"<div id=\"pl-69\"  class=\"panel-layout\" ><div id=\"pg-69-0\"  class=\"panel-grid panel-no-style\" ><div id=\"pgc-69-0-0\"  class=\"panel-grid-cell\" ><div id=\"panel-69-0-0-0\" class=\"so-panel widget widget_eo_event_list_widget EO_Event_List_Widget panel-first-child panel-last-child\" data-index=\"0\" ><h3 class=\"widget-title\">Unser \u00dcbungsplan<\/h3>\n\n\t<ul  class=\"eo-events eo-events-widget\" > \n\n\t\t\n\t\t\t\n\t\t\t<li class=\"eo-event-venue-dorfgemeinschaftshaus eo-event-future\" >\n\t\t\t\t<a href=\"http:\/\/www.remainder.de\/Feuerwehr\/events\/event\/jahreshauptversammlung-2026\/\">Jahreshauptversammlung 2026<\/a> am 11. April 2026 19:00\t\t\t<\/li>\n\n\t\t\n\t\t\t\n\t\t\t<li class=\"eo-event-venue-feuerwehrhaus eo-event-future\" >\n\t\t\t\t<a href=\"http:\/\/www.remainder.de\/Feuerwehr\/events\/event\/hydranten-spuelen-funkuebung-3\/\">Hydranten sp\u00fclen + Funk\u00fcbung<\/a> am 18. April 2026 19:00\t\t\t<\/li>\n\n\t\t\n\t\t\t\n\t\t\t<li class=\"eo-event-venue-feuerwehrhaus eo-event-future\" >\n\t\t\t\t<a href=\"http:\/\/www.remainder.de\/Feuerwehr\/events\/event\/uebung-31\/\">\u00dcbung<\/a> am 2. Mai 2026 19:00\t\t\t<\/li>\n\n\t\t\n\t\t\t\n\t\t\t<li class=\"eo-event-venue-dorfgemeinschaftshaus eo-event-future\" >\n\t\t\t\t<a href=\"http:\/\/www.remainder.de\/Feuerwehr\/events\/event\/uebung-32\/\">\u00dcbung<\/a> am 6. Juni 2026 19:00\t\t\t<\/li>\n\n\t\t\n\t\t\t\n\t\t\t<li class=\"eo-event-future\" >\n\t\t\t\t<a href=\"http:\/\/www.remainder.de\/Feuerwehr\/events\/event\/gemeinschaftsuebung-in-gebsattel-2\/\">Gemeinschafts\u00fcbung in Gebsattel<\/a> am 19. Juni 2026 19:00\t\t\t<\/li>\n\n\t\t\n\t\t\t\n\t\t\t<li class=\"eo-event-venue-feuerwehrhaus eo-event-future\" >\n\t\t\t\t<a href=\"http:\/\/www.remainder.de\/Feuerwehr\/events\/event\/uebung-33\/\">\u00dcbung<\/a> am 4. Juli 2026 19:00\t\t\t<\/li>\n\n\t\t\n\t\t\t\n\t\t\t<li class=\"eo-event-venue-feuerwehrhaus eo-event-future\" >\n\t\t\t\t<a href=\"http:\/\/www.remainder.de\/Feuerwehr\/events\/event\/unser-feuerwehrfest-7\/\">Unser Feuerwehrfest<\/a> am 25. Juli 2026 18:00\t\t\t<\/li>\n\n\t\t\n\t\t\t\n\t\t\t<li class=\"eo-event-venue-feuerwehrhaus eo-event-future\" >\n\t\t\t\t<a href=\"http:\/\/www.remainder.de\/Feuerwehr\/events\/event\/uebung-34\/\">\u00dcbung<\/a> am 5. September 2026 19:00\t\t\t<\/li>\n\n\t\t\n\t\t\t\n\t\t\t<li class=\"eo-event-venue-dorfgemeinschaftshaus eo-event-future eo-multi-day eo-all-day\" >\n\t\t\t\t<a href=\"http:\/\/www.remainder.de\/Feuerwehr\/events\/event\/kirchweih-in-bockenfeld-2\/\">Kirchweih in Bockenfeld<\/a> am 25. September 2026\t\t\t<\/li>\n\n\t\t\n\t\t\t\n\t\t\t<li class=\"eo-event-venue-feuerwehrhaus eo-event-future\" >\n\t\t\t\t<a href=\"http:\/\/www.remainder.de\/Feuerwehr\/events\/event\/hydrantenspuelen-funkuebung\/\">Hydrantensp\u00fclen + Funk\u00fcbung<\/a> am 10. Oktober 2026 18:00\t\t\t<\/li>\n\n\t\t\n\t\t\t\n\t\t\t<li class=\"eo-event-venue-dorfgemeinschaftshaus eo-event-future\" >\n\t\t\t\t<a href=\"http:\/\/www.remainder.de\/Feuerwehr\/events\/event\/knoten-und-stiche-im-dorfgemeinschaftshaus-5\/\">Knoten und Stiche im Dorfgemeinschaftshaus<\/a> am 7. November 2026 19:00\t\t\t<\/li>\n\n\t\t\n\t\t\t\n\t\t\t<li class=\"eo-event-venue-dorfgemeinschaftshaus eo-event-future\" >\n\t\t\t\t<a href=\"http:\/\/www.remainder.de\/Feuerwehr\/events\/event\/theorieuebung-im-dorfgemeinschaftshaus-3\/\">Theorie\u00fcbung im Dorfgemeinschaftshaus<\/a> am 5. Dezember 2026 19:00\t\t\t<\/li>\n\n\t\t\n\t\t\t\n\t\t\t<li class=\"eo-event-future\" >\n\t\t\t\t<a href=\"http:\/\/www.remainder.de\/Feuerwehr\/events\/event\/gebsattler-advent-4\/\">Gebsattler Advent<\/a> am 6. Dezember 2026 14:45\t\t\t<\/li>\n\n\t\t\n\t<\/ul>\n\n<\/div><\/div><\/div><div id=\"pg-69-1\"  class=\"panel-grid panel-no-style\" ><div id=\"pgc-69-1-0\"  class=\"panel-grid-cell\" ><div id=\"panel-69-1-0-0\" class=\"so-panel widget widget_circleicon-widget panel-first-child\" data-index=\"1\" >\t\t<div class=\"circle-icon-box circle-icon-position-top circle-icon-hide-box circle-icon-size-small\">\n\t\t\t<div class=\"circle-icon-wrapper\">\n\t\t\t\t<a href=\"http:\/\/www.remainder.de\/Feuerwehr\/wp-content\/uploads\/2026\/03\/Uebungsplan_FFW_Bockenfeld_2026.pdf\" class=\"link-icon\" target=\"_blank\">\t\t\t\t<div class=\"circle-icon\" >\n\t\t\t\t\t<div class=\"fa fa-calendar\" ><\/div>\t\t\t\t<\/div>\n\t\t\t\t<\/a>\t\t\t<\/div>\n\n\t\t\t<a href=\"http:\/\/www.remainder.de\/Feuerwehr\/wp-content\/uploads\/2026\/03\/Uebungsplan_FFW_Bockenfeld_2026.pdf\" class=\"link-title\" target=\"_blank\">\t\t\t<h4 >\u00dcbungsplan 2026 als pdf<\/h4>\t\t\t<\/a>\n\t\t\t<p class=\"text\" >Lade Dir den \u00dcbungsplan per pdf-Datei herunter!<\/p>\t\t\t\t\t\t\t<a href=\"http:\/\/www.remainder.de\/Feuerwehr\/wp-content\/uploads\/2026\/03\/Uebungsplan_FFW_Bockenfeld_2026.pdf\" class=\"more-button\" target=\"_blank\">Weitere Informationen <i><\/i><\/a>\n\t\t\t\t\t<\/div>\n\t\t<\/div><div id=\"panel-69-1-0-1\" class=\"so-panel widget widget_circleicon-widget\" data-index=\"2\" >\t\t<div class=\"circle-icon-box circle-icon-position-top circle-icon-hide-box circle-icon-size-small\">\n\t\t\t<div class=\"circle-icon-wrapper\">\n\t\t\t\t<a href=\"http:\/\/www.remainder.de\/Feuerwehr\/wp-content\/uploads\/2025\/01\/Uebungsplan_FFW_Bockenfeld_2025.pdf\" class=\"link-icon\" target=\"_blank\">\t\t\t\t<div class=\"circle-icon\" >\n\t\t\t\t\t<div class=\"fa fa-calendar\" ><\/div>\t\t\t\t<\/div>\n\t\t\t\t<\/a>\t\t\t<\/div>\n\n\t\t\t<a href=\"http:\/\/www.remainder.de\/Feuerwehr\/wp-content\/uploads\/2025\/01\/Uebungsplan_FFW_Bockenfeld_2025.pdf\" class=\"link-title\" target=\"_blank\">\t\t\t<h4 >\u00dcbungsplan 2025 als pdf<\/h4>\t\t\t<\/a>\n\t\t\t<p class=\"text\" >Lade Dir den \u00dcbungsplan per pdf-Datei herunter!<\/p>\t\t\t\t\t\t\t<a href=\"http:\/\/www.remainder.de\/Feuerwehr\/wp-content\/uploads\/2025\/01\/Uebungsplan_FFW_Bockenfeld_2025.pdf\" class=\"more-button\" target=\"_blank\">Weitere Informationen <i><\/i><\/a>\n\t\t\t\t\t<\/div>\n\t\t<\/div><div id=\"panel-69-1-0-2\" class=\"so-panel widget widget_circleicon-widget\" data-index=\"3\" >\t\t<div class=\"circle-icon-box circle-icon-position-top circle-icon-hide-box circle-icon-size-small\">\n\t\t\t<div class=\"circle-icon-wrapper\">\n\t\t\t\t<a href=\"http:\/\/www.remainder.de\/Feuerwehr\/wp-content\/uploads\/2024\/03\/Uebungsplan_FFW_Bockenfeld_2024.pdf\" class=\"link-icon\" target=\"_blank\">\t\t\t\t<div class=\"circle-icon\" >\n\t\t\t\t\t<div class=\"fa fa-calendar\" ><\/div>\t\t\t\t<\/div>\n\t\t\t\t<\/a>\t\t\t<\/div>\n\n\t\t\t<a href=\"http:\/\/www.remainder.de\/Feuerwehr\/wp-content\/uploads\/2024\/03\/Uebungsplan_FFW_Bockenfeld_2024.pdf\" class=\"link-title\" target=\"_blank\">\t\t\t<h4 >\u00dcbungsplan 2024 als pdf<\/h4>\t\t\t<\/a>\n\t\t\t<p class=\"text\" >Lade Dir den \u00dcbungsplan per pdf-Datei herunter!<\/p>\t\t\t\t\t\t\t<a href=\"http:\/\/www.remainder.de\/Feuerwehr\/wp-content\/uploads\/2024\/03\/Uebungsplan_FFW_Bockenfeld_2024.pdf\" class=\"more-button\" target=\"_blank\">Weitere Informationen <i><\/i><\/a>\n\t\t\t\t\t<\/div>\n\t\t<\/div><div id=\"panel-69-1-0-3\" class=\"so-panel widget widget_circleicon-widget panel-last-child\" data-index=\"4\" >\t\t<div class=\"circle-icon-box circle-icon-position-top circle-icon-hide-box circle-icon-size-small\">\n\t\t\t<div class=\"circle-icon-wrapper\">\n\t\t\t\t<a href=\"http:\/\/www.remainder.de\/Feuerwehr\/wp-content\/uploads\/2023\/03\/Uebungsplan_FFW_Bockenfeld_2023.pdf\" class=\"link-icon\" target=\"_blank\">\t\t\t\t<div class=\"circle-icon\" >\n\t\t\t\t\t<div class=\"fa fa-calendar\" ><\/div>\t\t\t\t<\/div>\n\t\t\t\t<\/a>\t\t\t<\/div>\n\n\t\t\t<a href=\"http:\/\/www.remainder.de\/Feuerwehr\/wp-content\/uploads\/2023\/03\/Uebungsplan_FFW_Bockenfeld_2023.pdf\" class=\"link-title\" target=\"_blank\">\t\t\t<h4 >\u00dcbungsplan 2023 als pdf<\/h4>\t\t\t<\/a>\n\t\t\t<p class=\"text\" >Lade Dir den \u00dcbungsplan per pdf-Datei herunter!<\/p>\t\t\t\t\t\t\t<a href=\"http:\/\/www.remainder.de\/Feuerwehr\/wp-content\/uploads\/2023\/03\/Uebungsplan_FFW_Bockenfeld_2023.pdf\" class=\"more-button\" target=\"_blank\">Weitere Informationen <i><\/i><\/a>\n\t\t\t\t\t<\/div>\n\t\t<\/div><\/div><\/div><div id=\"pg-69-2\"  class=\"panel-grid panel-no-style\" ><div id=\"pgc-69-2-0\"  class=\"panel-grid-cell\" ><div id=\"panel-69-2-0-0\" class=\"so-panel widget widget_circleicon-widget panel-first-child\" data-index=\"5\" >\t\t<div class=\"circle-icon-box circle-icon-position-top circle-icon-hide-box circle-icon-size-small\">\n\t\t\t<div class=\"circle-icon-wrapper\">\n\t\t\t\t<a href=\"\/Feuerwehr\/wp-content\/uploads\/2015\/01\/\u00dcbungsplan-2015.pdf\" class=\"link-icon\" >\t\t\t\t<div class=\"circle-icon\" >\n\t\t\t\t\t<div class=\"fa fa-calendar\" ><\/div>\t\t\t\t<\/div>\n\t\t\t\t<\/a>\t\t\t<\/div>\n\n\t\t\t<a href=\"\/Feuerwehr\/wp-content\/uploads\/2015\/01\/\u00dcbungsplan-2015.pdf\" class=\"link-title\" >\t\t\t<h4 >\u00dcbungsplan 2015 als pdf<\/h4>\t\t\t<\/a>\n\t\t\t<p class=\"text\" >Lade Dir den \u00dcbungsplan per pdf-Datei herunter!<\/p>\t\t\t\t\t\t\t<a href=\"\/Feuerwehr\/wp-content\/uploads\/2015\/01\/\u00dcbungsplan-2015.pdf\" class=\"more-button\" >Weitere Informationen <i><\/i><\/a>\n\t\t\t\t\t<\/div>\n\t\t<\/div><div id=\"panel-69-2-0-1\" class=\"so-panel widget widget_circleicon-widget panel-last-child\" data-index=\"6\" >\t\t<div class=\"circle-icon-box circle-icon-position-top circle-icon-hide-box circle-icon-size-small\">\n\t\t\t<div class=\"circle-icon-wrapper\">\n\t\t\t\t<a href=\"\/Feuerwehr\/wp-content\/uploads\/2016\/02\/Uebungsplan-2016.pdf\" class=\"link-icon\" >\t\t\t\t<div class=\"circle-icon\" >\n\t\t\t\t\t<div class=\"fa fa-calendar\" ><\/div>\t\t\t\t<\/div>\n\t\t\t\t<\/a>\t\t\t<\/div>\n\n\t\t\t<a href=\"\/Feuerwehr\/wp-content\/uploads\/2016\/02\/Uebungsplan-2016.pdf\" class=\"link-title\" >\t\t\t<h4 >\u00dcbungsplan 2016 als pdf<\/h4>\t\t\t<\/a>\n\t\t\t<p class=\"text\" >Lade Dir den \u00dcbungsplan per pdf-Datei herunter!<\/p>\t\t\t\t\t\t\t<a href=\"\/Feuerwehr\/wp-content\/uploads\/2016\/02\/Uebungsplan-2016.pdf\" class=\"more-button\" >Weitere Informationen <i><\/i><\/a>\n\t\t\t\t\t<\/div>\n\t\t<\/div><\/div><div id=\"pgc-69-2-1\"  class=\"panel-grid-cell\" ><div id=\"panel-69-2-1-0\" class=\"so-panel widget widget_circleicon-widget panel-first-child\" data-index=\"7\" >\t\t<div class=\"circle-icon-box circle-icon-position-top circle-icon-hide-box circle-icon-size-small\">\n\t\t\t<div class=\"circle-icon-wrapper\">\n\t\t\t\t<a href=\"\/Feuerwehr\/wp-content\/uploads\/2017\/01\/Uebungsplan-2017.pdf\" class=\"link-icon\" >\t\t\t\t<div class=\"circle-icon\" >\n\t\t\t\t\t<div class=\"fa fa-calendar\" ><\/div>\t\t\t\t<\/div>\n\t\t\t\t<\/a>\t\t\t<\/div>\n\n\t\t\t<a href=\"\/Feuerwehr\/wp-content\/uploads\/2017\/01\/Uebungsplan-2017.pdf\" class=\"link-title\" >\t\t\t<h4 >\u00dcbungsplan 2017 als pdf<\/h4>\t\t\t<\/a>\n\t\t\t<p class=\"text\" >Lade Dir den \u00dcbungsplan per pdf-Datei herunter!<\/p>\t\t\t\t\t\t\t<a href=\"\/Feuerwehr\/wp-content\/uploads\/2017\/01\/Uebungsplan-2017.pdf\" class=\"more-button\" >Weitere Informationen <i><\/i><\/a>\n\t\t\t\t\t<\/div>\n\t\t<\/div><div id=\"panel-69-2-1-1\" class=\"so-panel widget widget_circleicon-widget panel-last-child\" data-index=\"8\" >\t\t<div class=\"circle-icon-box circle-icon-position-top circle-icon-hide-box circle-icon-size-small\">\n\t\t\t<div class=\"circle-icon-wrapper\">\n\t\t\t\t<a href=\"\/Feuerwehr\/wp-content\/uploads\/2018\/01\/Uebungsplan-2018.pdf\" class=\"link-icon\" >\t\t\t\t<div class=\"circle-icon\" >\n\t\t\t\t\t<div class=\"fa fa-calendar\" ><\/div>\t\t\t\t<\/div>\n\t\t\t\t<\/a>\t\t\t<\/div>\n\n\t\t\t<a href=\"\/Feuerwehr\/wp-content\/uploads\/2018\/01\/Uebungsplan-2018.pdf\" class=\"link-title\" >\t\t\t<h4 >\u00dcbungsplan 2018 als pdf<\/h4>\t\t\t<\/a>\n\t\t\t<p class=\"text\" >Lade Dir den \u00dcbungsplan per pdf-Datei herunter!<\/p>\t\t\t\t\t\t\t<a href=\"\/Feuerwehr\/wp-content\/uploads\/2018\/01\/Uebungsplan-2018.pdf\" class=\"more-button\" >Weitere Informationen <i><\/i><\/a>\n\t\t\t\t\t<\/div>\n\t\t<\/div><\/div><div id=\"pgc-69-2-2\"  class=\"panel-grid-cell\" ><div id=\"panel-69-2-2-0\" class=\"so-panel widget widget_circleicon-widget panel-first-child\" data-index=\"9\" >\t\t<div class=\"circle-icon-box circle-icon-position-top circle-icon-hide-box circle-icon-size-small\">\n\t\t\t<div class=\"circle-icon-wrapper\">\n\t\t\t\t<a href=\"\/Feuerwehr\/wp-content\/uploads\/2019\/02\/Uebungsplan-2019.pdf\" class=\"link-icon\" target=\"_blank\">\t\t\t\t<div class=\"circle-icon\" >\n\t\t\t\t\t<div class=\"fa fa-calendar\" ><\/div>\t\t\t\t<\/div>\n\t\t\t\t<\/a>\t\t\t<\/div>\n\n\t\t\t<a href=\"\/Feuerwehr\/wp-content\/uploads\/2019\/02\/Uebungsplan-2019.pdf\" class=\"link-title\" target=\"_blank\">\t\t\t<h4 >\u00dcbungsplan 2019 als pdf<\/h4>\t\t\t<\/a>\n\t\t\t<p class=\"text\" >Lade Dir den \u00dcbungsplan per pdf-Datei herunter!<\/p>\t\t\t\t\t\t\t<a href=\"\/Feuerwehr\/wp-content\/uploads\/2019\/02\/Uebungsplan-2019.pdf\" class=\"more-button\" target=\"_blank\">Weitere Informationen <i><\/i><\/a>\n\t\t\t\t\t<\/div>\n\t\t<\/div><div id=\"panel-69-2-2-1\" class=\"so-panel widget widget_circleicon-widget panel-last-child\" data-index=\"10\" >\t\t<div class=\"circle-icon-box circle-icon-position-top circle-icon-hide-box circle-icon-size-small\">\n\t\t\t<div class=\"circle-icon-wrapper\">\n\t\t\t\t<a href=\"\/Feuerwehr\/wp-content\/uploads\/2020\/07\/%C3%9Cbungsplan-2020.pdf\" class=\"link-icon\" target=\"_blank\">\t\t\t\t<div class=\"circle-icon\" >\n\t\t\t\t\t<div class=\"fa fa-calendar\" ><\/div>\t\t\t\t<\/div>\n\t\t\t\t<\/a>\t\t\t<\/div>\n\n\t\t\t<a href=\"\/Feuerwehr\/wp-content\/uploads\/2020\/07\/%C3%9Cbungsplan-2020.pdf\" class=\"link-title\" target=\"_blank\">\t\t\t<h4 >\u00dcbungsplan 2020 als pdf<\/h4>\t\t\t<\/a>\n\t\t\t<p class=\"text\" >Lade Dir den \u00dcbungsplan per pdf-Datei herunter!<\/p>\t\t\t\t\t\t\t<a href=\"\/Feuerwehr\/wp-content\/uploads\/2020\/07\/%C3%9Cbungsplan-2020.pdf\" class=\"more-button\" target=\"_blank\">Weitere Informationen <i><\/i><\/a>\n\t\t\t\t\t<\/div>\n\t\t<\/div><\/div><\/div><\/div>","protected":false},"excerpt":{"rendered":"<p>Unser \u00dcbungsplan Jahreshauptversammlung 2026 am 11. April 2026 19:00 Hydranten sp\u00fclen + Funk\u00fcbung am 18. April 2026 19:00 \u00dcbung am 2. Mai 2026 19:00 \u00dcbung am 6. Juni 2026 19:00 Gemeinschafts\u00fcbung in Gebsattel am 19. Juni 2026 19:00 \u00dcbung am 4. Juli 2026 19:00 Unser Feuerwehrfest am 25. Juli 2026 18:00 \u00dcbung am 5. September [&hellip;]<\/p>\n","protected":false},"author":1,"featured_media":0,"parent":0,"menu_order":0,"comment_status":"closed","ping_status":"closed","template":"","meta":{"footnotes":""},"class_list":["post-69","page","type-page","status-publish","hentry","post"],"_links":{"self":[{"href":"http:\/\/www.remainder.de\/Feuerwehr\/wp-json\/wp\/v2\/pages\/69","targetHints":{"allow":["GET"]}}],"collection":[{"href":"http:\/\/www.remainder.de\/Feuerwehr\/wp-json\/wp\/v2\/pages"}],"about":[{"href":"http:\/\/www.remainder.de\/Feuerwehr\/wp-json\/wp\/v2\/types\/page"}],"author":[{"embeddable":true,"href":"http:\/\/www.remainder.de\/Feuerwehr\/wp-json\/wp\/v2\/users\/1"}],"replies":[{"embeddable":true,"href":"http:\/\/www.remainder.de\/Feuerwehr\/wp-json\/wp\/v2\/comments?post=69"}],"version-history":[{"count":31,"href":"http:\/\/www.remainder.de\/Feuerwehr\/wp-json\/wp\/v2\/pages\/69\/revisions"}],"predecessor-version":[{"id":2077,"href":"http:\/\/www.remainder.de\/Feuerwehr\/wp-json\/wp\/v2\/pages\/69\/revisions\/2077"}],"wp:attachment":[{"href":"http:\/\/www.remainder.de\/Feuerwehr\/wp-json\/wp\/v2\/media?parent=69"}],"curies":[{"name":"wp","href":"https:\/\/api.w.org\/{rel}","templated":true}]}}